{"id":180,"date":"2023-03-08T10:43:05","date_gmt":"2023-03-08T10:43:05","guid":{"rendered":"https:\/\/nixlarge.com\/?page_id=180"},"modified":"2023-08-18T06:32:00","modified_gmt":"2023-08-18T06:32:00","slug":"nixlarge-graphic-design","status":"publish","type":"page","link":"https:\/\/nixlarge.com\/","title":{"rendered":"Nixlarge Graphic Design"},"content":{"rendered":"\t\t<div data-elementor-type=\"wp-page\" data-elementor-id=\"180\" class=\"elementor elementor-180\" data-elementor-post-type=\"page\">\n\t\t\t\t\t\t<section class=\"elementor-section elementor-top-section elementor-element elementor-element-eec3645 elementor-section-full_width elementor-section-height-full elementor-section-height-default elementor-section-items-middle\" data-id=\"eec3645\" data-element_type=\"section\" data-e-type=\"section\">\n\t\t\t\t\t\t<div class=\"elementor-container elementor-column-gap-default\">\n\t\t\t\t\t<div class=\"elementor-column elementor-col-100 elementor-top-column elementor-element elementor-element-d0e17f1\" data-id=\"d0e17f1\" data-element_type=\"column\" data-e-type=\"column\">\n\t\t\t<div class=\"elementor-widget-wrap elementor-element-populated\">\n\t\t\t\t\t\t<div class=\"elementor-element elementor-element-d27341a elementor-widget elementor-widget-spacer\" data-id=\"d27341a\" data-element_type=\"widget\" data-e-type=\"widget\" data-widget_type=\"spacer.default\">\n\t\t\t\t<div class=\"elementor-widget-container\">\n\t\t\t\t\t\t\t<div class=\"elementor-spacer\">\n\t\t\t<div class=\"elementor-spacer-inner\"><\/div>\n\t\t<\/div>\n\t\t\t\t\t\t<\/div>\n\t\t\t\t<\/div>\n\t\t\t\t<div class=\"elementor-element elementor-element-faa4c5b elementor-widget elementor-widget-image\" data-id=\"faa4c5b\" data-element_type=\"widget\" data-e-type=\"widget\" data-widget_type=\"image.default\">\n\t\t\t\t<div class=\"elementor-widget-container\">\n\t\t\t\t\t\t\t\t\t\t\t\t\t\t\t<img fetchpriority=\"high\" decoding=\"async\" width=\"413\" height=\"179\" src=\"https:\/\/nixlarge.com\/wp-content\/uploads\/2023\/03\/Logo-NX.png\" class=\"attachment-large size-large wp-image-181\" alt=\"\" srcset=\"https:\/\/nixlarge.com\/wp-content\/uploads\/2023\/03\/Logo-NX.png 413w, https:\/\/nixlarge.com\/wp-content\/uploads\/2023\/03\/Logo-NX-300x130.png 300w\" sizes=\"(max-width: 413px) 100vw, 413px\" \/>\t\t\t\t\t\t\t\t\t\t\t\t\t\t\t<\/div>\n\t\t\t\t<\/div>\n\t\t\t\t<div class=\"elementor-element elementor-element-e34baf8 elementor-widget elementor-widget-spacer\" data-id=\"e34baf8\" data-element_type=\"widget\" data-e-type=\"widget\" data-widget_type=\"spacer.default\">\n\t\t\t\t<div class=\"elementor-widget-container\">\n\t\t\t\t\t\t\t<div class=\"elementor-spacer\">\n\t\t\t<div class=\"elementor-spacer-inner\"><\/div>\n\t\t<\/div>\n\t\t\t\t\t\t<\/div>\n\t\t\t\t<\/div>\n\t\t\t\t<div class=\"elementor-element elementor-element-970c53a elementor-widget elementor-widget-text-editor\" data-id=\"970c53a\" data-element_type=\"widget\" data-e-type=\"widget\" data-widget_type=\"text-editor.default\">\n\t\t\t\t<div class=\"elementor-widget-container\">\n\t\t\t\t\t\t\t\t\t<p>draschl@nixlarge.com<\/p>\t\t\t\t\t\t\t\t<\/div>\n\t\t\t\t<\/div>\n\t\t\t\t<div class=\"elementor-element elementor-element-0289e02 elementor-widget elementor-widget-spacer\" data-id=\"0289e02\" data-element_type=\"widget\" data-e-type=\"widget\" data-widget_type=\"spacer.default\">\n\t\t\t\t<div class=\"elementor-widget-container\">\n\t\t\t\t\t\t\t<div class=\"elementor-spacer\">\n\t\t\t<div class=\"elementor-spacer-inner\"><\/div>\n\t\t<\/div>\n\t\t\t\t\t\t<\/div>\n\t\t\t\t<\/div>\n\t\t\t\t<div class=\"elementor-element elementor-element-107309f elementor-widget elementor-widget-text-editor\" data-id=\"107309f\" data-element_type=\"widget\" data-e-type=\"widget\" data-widget_type=\"text-editor.default\">\n\t\t\t\t<div class=\"elementor-widget-container\">\n\t\t\t\t\t\t\t\t\tChristian Draschl\n\nGesch\u00e4ftsbezeichnung:\n\nnixLARGE\n\nFirmensitz (Ort der Hauptniederlassung)\nGraz\nUnternehmensgegenstand\nWerbeagentur\n\n\nFG Gewerbliche Dienstleister\n\n\nVerwalten und Verwerten von Patenten, Lizenzen und Urheberrechten unter Ausschluss der den Patentanw\u00e4lten vorbehaltenen T\u00e4tigkeit gem\u00e4\u00df \u00a7 5 Abs. 2 GewO 1994\n\nSeit 15.02.2011 f\u00fcr den Standort8010 Graz, Leechgasse 48\/25A (kann vom Gr\u00fcndungsdatum abweichen)Gewerberechtliche Gesch\u00e4ftsf\u00fchrung: -Berufszweig: Patentaus\u00fcber und -verwerter\n\nGISA-Zahl\n\n19231914\n\nBeh\u00f6rde gem. ECG (E-Commerce Gesetz)\n\nMagistrat der Stadt Graz\n\nFG Werbung und Marktkommunikation\n\n\nWerbeagentur gem\u00e4\u00df \u00a7 5 Abs. 2 GewO 1994\n\nSeit 25.09.2006 f\u00fcr den Standort8010 Graz, Leechgasse 48\/25A (kann vom Gr\u00fcndungsdatum abweichen)Gewerberechtliche Gesch\u00e4ftsf\u00fchrung: -Berufszweig: Werbeagentur\n\nGISA-Zahl\n\n19110905\n\nBeh\u00f6rde gem. ECG (E-Commerce Gesetz)\n\nMagistrat der Stadt Graz\t\t\t\t\t\t\t\t<\/div>\n\t\t\t\t<\/div>\n\t\t\t\t<div class=\"elementor-element elementor-element-e289668 elementor-widget elementor-widget-text-editor\" data-id=\"e289668\" data-element_type=\"widget\" data-e-type=\"widget\" data-widget_type=\"text-editor.default\">\n\t\t\t\t<div class=\"elementor-widget-container\">\n\t\t\t\t\t\t\t\t\t<p><a href=\"https:\/\/nixlarge.com\/index.php\/nixlarge-privacy-policy\/\"><span style=\"text-decoration: underline;\"><span style=\"color: #000000; text-decoration: underline;\">DSGVO<\/span><\/span><\/a><\/p>\t\t\t\t\t\t\t\t<\/div>\n\t\t\t\t<\/div>\n\t\t\t\t\t<\/div>\n\t\t<\/div>\n\t\t\t\t\t<\/div>\n\t\t<\/section>\n\t\t\t\t<\/div>\n\t\t","protected":false},"excerpt":{"rendered":"<p>draschl@nixlarge.com Christian Draschl Gesch\u00e4ftsbezeichnung: nixLARGE Firmensitz (Ort der Hauptniederlassung) Graz Unternehmensgegenstand Werbeagentur FG Gewerbliche Dienstleister Verwalten und Verwerten von Patenten, Lizenzen und Urheberrechten unter Ausschluss der den Patentanw\u00e4lten vorbehaltenen T\u00e4tigkeit gem\u00e4\u00df \u00a7 5 Abs. 2 GewO 1994 Seit 15.02.2011 f\u00fcr den Standort8010 Graz, Leechgasse 48\/25A (kann vom Gr\u00fcndungsdatum abweichen)Gewerberechtliche Gesch\u00e4ftsf\u00fchrung: -Berufszweig: Patentaus\u00fcber und -verwerter GISA-Zahl [&hellip;]<\/p>\n","protected":false},"author":1,"featured_media":0,"parent":0,"menu_order":0,"comment_status":"closed","ping_status":"closed","template":"elementor_canvas","meta":{"footnotes":""},"class_list":["post-180","page","type-page","status-publish","hentry"],"_links":{"self":[{"href":"https:\/\/nixlarge.com\/index.php\/wp-json\/wp\/v2\/pages\/180","targetHints":{"allow":["GET"]}}],"collection":[{"href":"https:\/\/nixlarge.com\/index.php\/wp-json\/wp\/v2\/pages"}],"about":[{"href":"https:\/\/nixlarge.com\/index.php\/wp-json\/wp\/v2\/types\/page"}],"author":[{"embeddable":true,"href":"https:\/\/nixlarge.com\/index.php\/wp-json\/wp\/v2\/users\/1"}],"replies":[{"embeddable":true,"href":"https:\/\/nixlarge.com\/index.php\/wp-json\/wp\/v2\/comments?post=180"}],"version-history":[{"count":57,"href":"https:\/\/nixlarge.com\/index.php\/wp-json\/wp\/v2\/pages\/180\/revisions"}],"predecessor-version":[{"id":269,"href":"https:\/\/nixlarge.com\/index.php\/wp-json\/wp\/v2\/pages\/180\/revisions\/269"}],"wp:attachment":[{"href":"https:\/\/nixlarge.com\/index.php\/wp-json\/wp\/v2\/media?parent=180"}],"curies":[{"name":"wp","href":"https:\/\/api.w.org\/{rel}","templated":true}]}}